{"id":1625,"date":"2022-01-10T09:13:42","date_gmt":"2022-01-10T08:13:42","guid":{"rendered":"http:\/\/localhost\/wordpress\/?page_id=1625"},"modified":"2022-01-17T08:42:00","modified_gmt":"2022-01-17T07:42:00","slug":"fakten-ueber-japan","status":"publish","type":"page","link":"https:\/\/www.brunner.top\/wp\/fakten-ueber-japan\/","title":{"rendered":"Fakten \u00fcber Japan"},"content":{"rendered":"\n<p style=\"font-size:23px\"><strong>Wundervolles Japan. Merkw\u00fcrdiges Japan. Hier 19 Fakten, die ihr (vielleicht) noch nicht wusstet.<\/strong><\/p>\n\n\n\n<p style=\"font-size:17px\">1. Die Landschaft besteht zu 70 Prozent aus Bergen.<\/p>\n\n\n\n<p style=\"font-size:17px\">2.  Rund 5,5 Millionen Automaten versorgen die Japaner mit Getr\u00e4nken und Snacks. Neben Zigaretten und S\u00fc\u00dfigkeiten erh\u00e4lt man auch Spielzeug, warme Nudeln, Eier und bis ins Jahr 2002 wurden sogar halluzinogene Pilze in Automaten angeboten. Mittlerweile sind sie jedoch illegal. Schade.<\/p>\n\n\n\n<p style=\"font-size:17px\">3.  Es gibt mehr Haustiere als Kinder.<\/p>\n\n\n\n<p style=\"font-size:17px\">4.  Und wer kein Haustier hat, kann in Katzencaf\u00e9s eine Cola trinken und dabei Miezen f\u00fcttern.<\/p>\n\n\n\n<p style=\"font-size:17px\">5.  Japaner verbrauchen rund 24 Milliarden Essst\u00e4bchen jedes Jahr.<\/p>\n\n\n\n<p style=\"font-size:17px\">6.  90 % aller Smartphones in Japan sind wasserdicht, da die Japaner ihre Handys mit unter die Dusche nehmen.<\/p>\n\n\n\n<p style=\"font-size:17px\">7.  Nase schn\u00e4uzen in der \u00d6ffentlichkeit ist unh\u00f6flich.<\/p>\n\n\n\n<p style=\"font-size:17px\">8.  Das Monster Godzilla ist bereits 62 Jahre alt und schon in \u00fcber 30 Filmen aufgetreten.<\/p>\n\n\n\n<p style=\"font-size:17px\">9.  Im Jahr 1997 mussten knapp 700 Kinder nach einer Fernsehfolge des beliebten Pok\u00e9mon ins Krankenhaus.<\/p>\n\n\n\n<p style=\"font-size:17px\">10.  Japan wird 1500 Mal pro Jahr von Erdbeben ersch\u00fcttert.<\/p>\n\n\n\n<figure class=\"wp-block-embed is-type-video is-provider-youtube wp-block-embed-youtube wp-embed-aspect-16-9 wp-has-aspect-ratio\"><div class=\"wp-block-embed__wrapper\">\n<iframe loading=\"lazy\" title=\"40 interessante und verr\u00fcckte Fakten \u00fcber Japan\" width=\"750\" height=\"422\" src=\"https:\/\/www.youtube.com\/embed\/DJoH1IAdeSs?feature=oembed\" frameborder=\"0\" allow=\"accelerometer; autoplay; clipboard-write; encrypted-media; gyroscope; picture-in-picture\" allowfullscreen><\/iframe>\n<\/div><\/figure>\n\n\n\n<p style=\"font-size:17px\">11.  Fr\u00fcher durften sich japanische M\u00e4nner von ihren Frauen scheiden lassen, wenn sie Linksh\u00e4nderin waren.<\/p>\n\n\n\n<p style=\"font-size:17px\">12.  Bis zum Jahr 2015 war es illegal, nachts auf den Stra\u00dfen zu tanzen. Warum es jetzt erlaubt ist, bleibt unbeantwortet.<\/p>\n\n\n\n<p style=\"font-size:17px\">13.  Japanische Bauern z\u00fcchten eckige Wassermelonen, damit sie sich besser stapeln lassen.<\/p>\n\n\n\n<p style=\"font-size:17px\">14.  Die Wahrscheinlichkeit in Japan erschossen zu werden ist genauso gering wie ein t\u00f6dlicher Blitzeinschlag in Amerika.<\/p>\n\n\n\n<p style=\"font-size:17px\">15.  Der Hochgeschwindigkeitszug Shinkansen verkehrt derma\u00dfen p\u00fcnktlich, dass seine j\u00e4hrliche Versp\u00e4tung bei nur 36 Sekunden liegt.<\/p>\n\n\n\n<p style=\"font-size:17px\">16.  50.000 Japaner sind \u00e4lter als 100 Jahre.<\/p>\n\n\n\n<p style=\"font-size:17px\">17.  Es gibt 20 verschiedene Ausdrucksweisen f\u00fcr eine Entschuldigung.<\/p>\n\n\n\n<p style=\"font-size:17px\">18.  Die Japaner haben ein eigenes Wort erfunden f\u00fcr den Tod durch \u00dcberarbeiten. Es lautet karoshi \u904e\u52b4\u6b7b<\/p>\n\n\n\n<p style=\"font-size:17px\">19.  In Japan gibt es Eiscreme mit Aalgeschmack.<\/p>\n\n\n\n<figure class=\"wp-block-image size-large is-style-default\"><img loading=\"lazy\" decoding=\"async\" width=\"1024\" height=\"640\" src=\"http:\/\/www.brunner.top\/wp\/wp-content\/uploads\/2022\/01\/427485-Kycb_1920x1200-4-1024x640.jpg\" alt=\"\" class=\"wp-image-1877\" srcset=\"https:\/\/www.brunner.top\/wp\/wp-content\/uploads\/2022\/01\/427485-Kycb_1920x1200-4-1024x640.jpg 1024w, https:\/\/www.brunner.top\/wp\/wp-content\/uploads\/2022\/01\/427485-Kycb_1920x1200-4-300x188.jpg 300w, https:\/\/www.brunner.top\/wp\/wp-content\/uploads\/2022\/01\/427485-Kycb_1920x1200-4-768x480.jpg 768w, https:\/\/www.brunner.top\/wp\/wp-content\/uploads\/2022\/01\/427485-Kycb_1920x1200-4-1536x960.jpg 1536w, https:\/\/www.brunner.top\/wp\/wp-content\/uploads\/2022\/01\/427485-Kycb_1920x1200-4.jpg 1920w\" sizes=\"auto, (max-width: 1024px) 100vw, 1024px\" \/><\/figure>\n","protected":false},"excerpt":{"rendered":"<p>Wundervolles Japan. Merkw\u00fcrdiges Japan. Hier 19 Fakten, die ihr (vielleicht) noch nicht wusstet. 1. Die Landschaft besteht zu 70 Prozent aus Bergen. 2. Rund 5,5 Millionen Automaten versorgen die Japaner mit Getr\u00e4nken und Snacks. Neben Zigaretten und S\u00fc\u00dfigkeiten erh\u00e4lt man auch Spielzeug, warme Nudeln, Eier und bis ins Jahr 2002 [&hellip;]<\/p>\n","protected":false},"author":1,"featured_media":0,"parent":0,"menu_order":0,"comment_status":"closed","ping_status":"closed","template":"","meta":{"footnotes":""},"class_list":["post-1625","page","type-page","status-publish","hentry"],"_links":{"self":[{"href":"https:\/\/www.brunner.top\/wp\/wp-json\/wp\/v2\/pages\/1625","targetHints":{"allow":["GET"]}}],"collection":[{"href":"https:\/\/www.brunner.top\/wp\/wp-json\/wp\/v2\/pages"}],"about":[{"href":"https:\/\/www.brunner.top\/wp\/wp-json\/wp\/v2\/types\/page"}],"author":[{"embeddable":true,"href":"https:\/\/www.brunner.top\/wp\/wp-json\/wp\/v2\/users\/1"}],"replies":[{"embeddable":true,"href":"https:\/\/www.brunner.top\/wp\/wp-json\/wp\/v2\/comments?post=1625"}],"version-history":[{"count":7,"href":"https:\/\/www.brunner.top\/wp\/wp-json\/wp\/v2\/pages\/1625\/revisions"}],"predecessor-version":[{"id":1884,"href":"https:\/\/www.brunner.top\/wp\/wp-json\/wp\/v2\/pages\/1625\/revisions\/1884"}],"wp:attachment":[{"href":"https:\/\/www.brunner.top\/wp\/wp-json\/wp\/v2\/media?parent=1625"}],"curies":[{"name":"wp","href":"https:\/\/api.w.org\/{rel}","templated":true}]}}